{"id":661,"date":"2023-02-28T20:48:31","date_gmt":"2023-03-01T02:48:31","guid":{"rendered":"https:\/\/behavioralplasticity.org\/?page_id=661"},"modified":"2024-02-05T22:12:05","modified_gmt":"2024-02-06T04:12:05","slug":"publications","status":"publish","type":"page","link":"https:\/\/behavioralplasticity.org\/index.php\/publications\/","title":{"rendered":"Publications"},"content":{"rendered":"\n<p>We are maintaining a Google Scholar page for BPRI products: <a href=\"https:\/\/scholar.google.com\/citations?hl=en&amp;user=WS_5y3gAAAAJ\" target=\"_blank\" rel=\"noreferrer noopener\">https:\/\/scholar.google.com\/citations?hl=en&amp;user=WS_5y3gAAAAJ<\/a><\/p>\n\n\n\n<p>We are also maintaining a Zotero Group library for BPRI products. If you like to add your publication to the list. Please add using the following details.\u00a0\u00a0<\/p>\n\n\n\n<p>Group Name: BPRI_products&nbsp;&nbsp;<\/p>\n\n\n\n<p>Link: <a href=\"https:\/\/www.zotero.org\/groups\/4883608\/bpri_products\/library\" target=\"_blank\" rel=\"noreferrer noopener\">https:\/\/www.zotero.org\/groups\/4883608\/bpri_products\/library<\/a>&nbsp;<\/p>\n\n\n\n<p>If you like to become a member of this library, please send an email to Taniya Koswatta (<a href=\"mailto:taniya.koswatta@ag.tamu.edu\" target=\"_blank\" rel=\"noreferrer noopener\">taniya.koswatta@ag.tamu.edu<\/a>).<\/p>\n\n\n\n<ul class=\"wp-block-list\">\n<li>Traner, M., &amp; Raman, B. (2023). Dynamic walking behavior during odor trail-following in locusts. bioRxiv. <a href=\"https:\/\/doi.org\/10.1101\/2023.02.22.529569\">https:\/\/doi.org\/10.1101\/2023.02.22.529569<\/a><\/li>\n\n\n\n<li>Br\u016fna, T., Aryal, R., Dudchenko, O., Sargent, D. J., Mead, D., Buti, M., Cavallini, A., Hyt\u00f6nen, T., Andr\u00e9s, J., Pham, M., Weisz, D., Mascagni, F., Usai, G., Natali, L., Bassil, N., Fernandez, G. E., Lomsadze, A., Armour, M., Olukolu, B., \u2026 Worthington, M. (2022). A chromosome-length genome assembly and annotation of blackberry <em>(Rubus argutus, cv. \u2018Hillquist\u2019)<\/em> (p. 2022.04.28.489789). bioRxiv. <a href=\"https:\/\/doi.org\/10.1101\/2022.04.28.489789\" target=\"_blank\" rel=\"noreferrer noopener\">https:\/\/doi.org\/10.1101\/2022.04.28.489789<\/a>&nbsp;<\/li>\n\n\n\n<li>Chandak, R., &amp; Raman, B. (2021). Neural manifolds for odor-driven innate and acquired appetitive preferences (p. 2021.08.05.455310). bioRxiv. <a href=\"https:\/\/doi.org\/10.1101\/2021.08.05.455310\" target=\"_blank\" rel=\"noreferrer noopener\">https:\/\/doi.org\/10.1101\/2021.08.05.455310<\/a>&nbsp;<\/li>\n\n\n\n<li>Childers, A. K., Geib, S. M., Sim, S. B., Poelchau, M. F., Coates, B. S., Simmonds, T. J., Scully, E. D., Smith, T. P. L., Childers, C. P., Corpuz, R. L., Hackett, K., &amp; Scheffler, B. (2021). The USDA-ARS Ag100Pest Initiative: High-Quality Genome Assemblies for Agricultural Pest Arthropod Research. <em>Insects<\/em>, <em>12<\/em>(7), Article 7. <a href=\"https:\/\/doi.org\/10.3390\/insects12070626\" target=\"_blank\" rel=\"noreferrer noopener\">https:\/\/doi.org\/10.3390\/insects12070626<\/a>&nbsp;<\/li>\n\n\n\n<li>Chung, S. H., Zhang, S., Song, H., Whitham, S. A., &amp; Jander, G. (2022). Maize resistance to insect herbivory is enhanced by silencing expression of genes for jasmonate-isoleucine degradation using sugarcane mosaic virus. <em>Plant Direct<\/em>, <em>6<\/em>(6), e407. <a href=\"https:\/\/doi.org\/10.1002\/pld3.407\" target=\"_blank\" rel=\"noreferrer noopener\">https:\/\/doi.org\/10.1002\/pld3.407<\/a>&nbsp;<\/li>\n\n\n\n<li>Contessoto, V. G., Dudchenko, O., Aiden, E. L., Wolynes, P. G., Onuchic, J. N., &amp; Pierro, M. D. (2022). Interphase chromosomes of the <em>Aedes aegypti <\/em>mosquito are liquid crystalline and can sense mechanical cues (p. 2022.02.01.478655). bioRxiv. <a href=\"https:\/\/doi.org\/10.1101\/2022.02.01.478655\" target=\"_blank\" rel=\"noreferrer noopener\">https:\/\/doi.org\/10.1101\/2022.02.01.478655<\/a>&nbsp;<\/li>\n\n\n\n<li>Cullen, D. A., Sword, G. A., Rosenthal, G. G., Simpson, S. J., Dekempeneer, E., Hertog, M. L. A. T. M., Nicola\u00ef, B. M., Caes, R., Mannaerts, L., &amp; Vanden Broeck, J. (2022). Sexual repurposing of juvenile aposematism in locusts. <em>Proceedings of the National Academy of Sciences of the U.S.A.<\/em> 119&nbsp;(34)&nbsp;e2200759119. <a href=\"https:\/\/doi.org\/10.1073\/pnas.2200759119\" target=\"_blank\" rel=\"noreferrer noopener\">https:\/\/doi.org\/10.1073\/pnas.2200759119<\/a><\/li>\n\n\n\n<li>Dewell, R. B., Zhu, Y., Eisenbrandt, M., Morse, R., &amp; Gabbiani, F. (2022). Contrast-polarity specific mapping optimizes neuronal computation for collision detection (p. 2022.05.10.491323). bioRxiv. <a href=\"https:\/\/doi.org\/10.1101\/2022.05.10.491323\" target=\"_blank\" rel=\"noreferrer noopener\">https:\/\/doi.org\/10.1101\/2022.05.10.491323<\/a>&nbsp;<\/li>\n\n\n\n<li>Dierick, H. A., Ben-Shahar, Y., Raman, B., &amp; Gabbiani, F. (2021). Genetic and viral approaches to record or manipulate neurons in insects. <em>Current Opinion in Insect Science<\/em>, <em>48<\/em>, 79\u201388. <a href=\"https:\/\/doi.org\/10.1016\/j.cois.2021.10.003\" target=\"_blank\" rel=\"noreferrer noopener\">https:\/\/doi.org\/10.1016\/j.cois.2021.10.003<\/a>&nbsp;<\/li>\n\n\n\n<li>Field, M. A., Yadav, S., Dudchenko, O., Esvaran, M., Rosen, B. D., Skvortsova, K., Edwards, R. J., Keilwagen, J., Cochran, B. J., Manandhar, B., Bustamante, S., Rasmussen, J. A., Melvin, R. G., Chernoff, B., Omer, A., Colaric, Z., Chan, E. K. F., Minoche, A. E., Smith, T. P. L., \u2026 Ballard, J. W. O. (2022). The Australian dingo is an early offshoot of modern breed dogs. <em>Science Advances<\/em>, <em>8<\/em>(16), eabm5944. <a href=\"https:\/\/doi.org\/10.1126\/sciadv.abm5944\" target=\"_blank\" rel=\"noreferrer noopener\">https:\/\/doi.org\/10.1126\/sciadv.abm5944<\/a>&nbsp;<\/li>\n\n\n\n<li>Foquet, B., Little, D. W., &amp; Song, H. (2022). The time-course of behavioural phase transition in the Central American locust. <em>Journal of Experimental Biology<\/em> 225 (23): jeb244621. <a href=\"https:\/\/doi.org\/10.1242\/jeb.244621\" target=\"_blank\" rel=\"noreferrer noopener\">https:\/\/doi.org\/10.1242\/jeb.244621<\/a><\/li>\n\n\n\n<li>Gabbiani, F., &amp; Midtgaard, J. (2022). Neural Information Processing. In <em>ELS<\/em> (pp. 1\u201319). John Wiley &amp; Sons, Ltd. <a href=\"https:\/\/doi.org\/10.1002\/9780470015902.a0029420\" target=\"_blank\" rel=\"noreferrer noopener\">https:\/\/doi.org\/10.1002\/9780470015902.a0029420<\/a>&nbsp;<\/li>\n\n\n\n<li>Garg, V., Dudchenko, O., Wang, J., Khan, A. W., Gupta, S., Kaur, P., Han, K., Saxena, R. K., Kale, S. M., Pham, M., Yu, J., Chitikineni, A., Zhang, Z., Fan, G., Lui, C., Valluri, V., Meng, F., Bhandari, A., Liu, X., \u2026 Varshney, R. K. (2021). Chromosome-length genome assemblies of six legume species provide insights into genome organization, evolution, and agronomic traits for crop improvement. <em>Journal of Advanced Research<\/em>. <a href=\"https:\/\/doi.org\/10.1016\/j.jare.2021.10.009\" target=\"_blank\" rel=\"noreferrer noopener\">https:\/\/doi.org\/10.1016\/j.jare.2021.10.009<\/a>&nbsp;<\/li>\n\n\n\n<li>Hoencamp, C., Dudchenko, O., Elbatsh, A. M. O., Brahmachari, S., Raaijmakers, J. A., van Schaik, T., Sede\u00f1o Cacciatore, \u00c1., Contessoto, V. G., van Heesbeen, R. G. H. P., van den Broek, B., Mhaskar, A. N., Teunissen, H., St Hilaire, B. G., Weisz, D., Omer, A. D., Pham, M., Colaric, Z., Yang, Z., Rao, S. S. P., \u2026 Rowland, B. D. (2021). 3D genomics across the tree of life reveals condensin II as a determinant of architecture type. <em>Science<\/em>, <em>372<\/em>(6545), 984\u2013989. <a href=\"https:\/\/doi.org\/10.1126\/science.abe2218\" target=\"_blank\" rel=\"noreferrer noopener\">https:\/\/doi.org\/10.1126\/science.abe2218<\/a>&nbsp;<\/li>\n\n\n\n<li>Karawita, A. C., Cheng, Y., Chew, K. Y., Challgula, A., Kraus, R., Mueller, R. C., Tong, M. Z. W., Hulme, K. D., Beielefeldt-Ohmann, H., Steele, L. E., Wu, M., Sng, J., Noye, E., Bruxner, T. J., Au, G. G., Lowther, S., Blommaert, J., Suh, A., McCauley, A. J., \u2026 Short, K. R. (2022). The swan genome and transcriptome: Its not all black and white (p. 2022.05.02.490350). bioRxiv. <a href=\"https:\/\/doi.org\/10.1101\/2022.05.02.490350\" target=\"_blank\" rel=\"noreferrer noopener\">https:\/\/doi.org\/10.1101\/2022.05.02.490350<\/a>&nbsp;<\/li>\n\n\n\n<li>Liu, S., Cao, W., Niu, Y., Luo, J., Zhao, Y., Hu, Z., &amp; Zong, C. (2021). Single-PanIN-seq unveils that ARID1A deficiency promotes pancreatic tumorigenesis by attenuating KRAS-induced senescence. <em>ELife<\/em>, <em>10<\/em>, e64204. <a href=\"https:\/\/doi.org\/10.7554\/eLife.64204\" target=\"_blank\" rel=\"noreferrer noopener\">https:\/\/doi.org\/10.7554\/eLife.64204<\/a>&nbsp;<\/li>\n\n\n\n<li>Lowther, C., Mehrjouy, M. M., Collins, R. L., Bak, M. C., Dudchenko, O., Brand, H., Dong, Z., Rasmussen, M. B., Gu, H., Weisz, D., Nazaryan-Petersen, L., Fjorder, A. S., Mang, Y., Lind-Thomsen, A., Mendez, J. M. M., Calle, X., Chopra, A., Hansen, C., Bugge, M., \u2026 Tommerup, N. (2022). Balanced chromosomal rearrangements offer insights into coding and noncoding genomic features associated with developmental disorders (p. 2022.02.15.22270795). medRxiv. <a href=\"https:\/\/doi.org\/10.1101\/2022.02.15.22270795\" target=\"_blank\" rel=\"noreferrer noopener\">https:\/\/doi.org\/10.1101\/2022.02.15.22270795<\/a>&nbsp;<\/li>\n\n\n\n<li>Niu, Y., Zhu, Q., &amp; Zong, C. (2022). Single-cell Damagenome Profiling by Linear Copying and Splitting based Whole Genome Amplification (LCS-WGA). <em>Bio-Protocol<\/em>, <em>12<\/em>(6), e4357\u2013e4357.&nbsp;<\/li>\n\n\n\n<li>Nizampatnam, S., Zhang, L., Chandak, R., Li, J., &amp; Raman, B. (2022). Invariant odor recognition with ON\u2013OFF neural ensembles. <em>Proceedings of the National Academy of Sciences of the U.S.A.<\/em>, <em>119<\/em>(2), e2023340118. <a href=\"https:\/\/doi.org\/10.1073\/pnas.2023340118\" target=\"_blank\" rel=\"noreferrer noopener\">https:\/\/doi.org\/10.1073\/pnas.2023340118<\/a>&nbsp;<\/li>\n\n\n\n<li>Robledo-Ruiz, D. A., Gan, H. M., Kaur, P., Dudchenko, O., Weisz, D., Khan, R., Lieberman Aiden, E., Osipova, E., Hiller, M., Morales, H. E., Magrath, M. J. L., Clarke, R. H., Sunnucks, P., &amp; Pavlova, A. (2022). Chromosome-length genome assembly and linkage map of a critically endangered Australian bird: The helmeted honeyeater. <em>GigaScience<\/em>, <em>11<\/em>, giac025. <a href=\"https:\/\/doi.org\/10.1093\/gigascience\/giac025\" target=\"_blank\" rel=\"noreferrer noopener\">https:\/\/doi.org\/10.1093\/gigascience\/giac025<\/a>&nbsp;<\/li>\n\n\n\n<li>Traner, M., Chandak, R., &amp; Raman, B. (2021). Recent approaches to study the neural bases of complex insect behavior. <em>Current Opinion in Insect Science<\/em>, <em>48<\/em>, 18\u201325. <a href=\"https:\/\/doi.org\/10.1016\/j.cois.2021.07.004\" target=\"_blank\" rel=\"noreferrer noopener\">https:\/\/doi.org\/10.1016\/j.cois.2021.07.004<\/a>&nbsp;<\/li>\n\n\n\n<li>Weinburd, J., Landsberg, J., Kravtsova, A., Sharma, T., Simpson, S. J., Sword, G. A., &amp; Buhl, J. J. (2021). AnisotropicInteraction and Motion States of Locusts in a Hopper Band.&nbsp;bioRxiv. <a href=\"https:\/\/doi.org\/10.1101\/2021.10.29.466390\">https:\/\/doi.org\/10.1101\/2021.10.29.466390<\/a><\/li>\n\n\n\n<li>Youngblood, J., Cease, A. J., Talal, S., Copa, F., Medina, H., Rojas, J., Trumper, E. V., Angilletta, M., &amp; Harrison, J. F. (n.d.). Climate change expected to improve digestive rate and trigger range expansion in outbreaking locusts. <em>Ecological Monographs<\/em>.&nbsp;<\/li>\n\n\n\n<li>Zhu, Q., Niu, Y., Gundry, M., &amp; Zong, C. (2021). Single-cell damagenome profiling unveils vulnerable genes and functional pathways in human genome toward DNA damage. <em>Science Advances<\/em>, <em>7<\/em>(27), eabf3329. <a href=\"https:\/\/doi.org\/10.1126\/sciadv.abf3329\" target=\"_blank\" rel=\"noreferrer noopener\">https:\/\/doi.org\/10.1126\/sciadv.abf3329<\/a>&nbsp;<\/li>\n<\/ul>\n","protected":false},"excerpt":{"rendered":"<p>We are maintaining a Google Scholar page for BPRI products: https:\/\/scholar.google.com\/citations?hl=en&amp;user=WS_5y3gAAAAJ We are also maintaining a Zotero Group library for BPRI products. If you like to add your publication to the list. Please add using the following details.\u00a0\u00a0 Group Name: BPRI_products&nbsp;&nbsp; Link: https:\/\/www.zotero.org\/groups\/4883608\/bpri_products\/library&nbsp; If you like to become a member of this library, please send [&hellip;]<\/p>\n","protected":false},"author":2,"featured_media":0,"parent":0,"menu_order":0,"comment_status":"closed","ping_status":"closed","template":"templates\/template-full-width.php","meta":{"footnotes":""},"class_list":["post-661","page","type-page","status-publish","hentry"],"yoast_head":"<!-- This site is optimized with the Yoast SEO plugin v24.9 - https:\/\/yoast.com\/wordpress\/plugins\/seo\/ -->\n<title>Publications - behavioralplasticity.org<\/title>\n<meta name=\"robots\" content=\"index, follow, max-snippet:-1, max-image-preview:large, max-video-preview:-1\" \/>\n<link rel=\"canonical\" href=\"https:\/\/behavioralplasticity.org\/index.php\/publications\/\" \/>\n<meta property=\"og:locale\" content=\"en_US\" \/>\n<meta property=\"og:type\" content=\"article\" \/>\n<meta property=\"og:title\" content=\"Publications - behavioralplasticity.org\" \/>\n<meta property=\"og:description\" content=\"We are maintaining a Google Scholar page for BPRI products: https:\/\/scholar.google.com\/citations?hl=en&amp;user=WS_5y3gAAAAJ We are also maintaining a Zotero Group library for BPRI products. If you like to add your publication to the list. Please add using the following details.\u00a0\u00a0 Group Name: BPRI_products&nbsp;&nbsp; Link: https:\/\/www.zotero.org\/groups\/4883608\/bpri_products\/library&nbsp; If you like to become a member of this library, please send [&hellip;]\" \/>\n<meta property=\"og:url\" content=\"https:\/\/behavioralplasticity.org\/index.php\/publications\/\" \/>\n<meta property=\"og:site_name\" content=\"behavioralplasticity.org\" \/>\n<meta property=\"article:modified_time\" content=\"2024-02-06T04:12:05+00:00\" \/>\n<meta name=\"twitter:card\" content=\"summary_large_image\" \/>\n<meta name=\"twitter:site\" content=\"@NSF_BPRI\" \/>\n<meta name=\"twitter:label1\" content=\"Est. reading time\" \/>\n\t<meta name=\"twitter:data1\" content=\"5 minutes\" \/>\n<script type=\"application\/ld+json\" class=\"yoast-schema-graph\">{\"@context\":\"https:\/\/schema.org\",\"@graph\":[{\"@type\":\"WebPage\",\"@id\":\"https:\/\/behavioralplasticity.org\/index.php\/publications\/\",\"url\":\"https:\/\/behavioralplasticity.org\/index.php\/publications\/\",\"name\":\"Publications - behavioralplasticity.org\",\"isPartOf\":{\"@id\":\"https:\/\/behavioralplasticity.org\/#website\"},\"datePublished\":\"2023-03-01T02:48:31+00:00\",\"dateModified\":\"2024-02-06T04:12:05+00:00\",\"breadcrumb\":{\"@id\":\"https:\/\/behavioralplasticity.org\/index.php\/publications\/#breadcrumb\"},\"inLanguage\":\"en-US\",\"potentialAction\":[{\"@type\":\"ReadAction\",\"target\":[\"https:\/\/behavioralplasticity.org\/index.php\/publications\/\"]}]},{\"@type\":\"BreadcrumbList\",\"@id\":\"https:\/\/behavioralplasticity.org\/index.php\/publications\/#breadcrumb\",\"itemListElement\":[{\"@type\":\"ListItem\",\"position\":1,\"name\":\"Home\",\"item\":\"https:\/\/behavioralplasticity.org\/\"},{\"@type\":\"ListItem\",\"position\":2,\"name\":\"Publications\"}]},{\"@type\":\"WebSite\",\"@id\":\"https:\/\/behavioralplasticity.org\/#website\",\"url\":\"https:\/\/behavioralplasticity.org\/\",\"name\":\"behavioralplasticity.org\",\"description\":\"\",\"publisher\":{\"@id\":\"https:\/\/behavioralplasticity.org\/#organization\"},\"potentialAction\":[{\"@type\":\"SearchAction\",\"target\":{\"@type\":\"EntryPoint\",\"urlTemplate\":\"https:\/\/behavioralplasticity.org\/?s={search_term_string}\"},\"query-input\":{\"@type\":\"PropertyValueSpecification\",\"valueRequired\":true,\"valueName\":\"search_term_string\"}}],\"inLanguage\":\"en-US\"},{\"@type\":\"Organization\",\"@id\":\"https:\/\/behavioralplasticity.org\/#organization\",\"name\":\"Behavioral Plasticity Research Institute\",\"url\":\"https:\/\/behavioralplasticity.org\/\",\"logo\":{\"@type\":\"ImageObject\",\"inLanguage\":\"en-US\",\"@id\":\"https:\/\/behavioralplasticity.org\/#\/schema\/logo\/image\/\",\"url\":\"https:\/\/behavioralplasticity.org\/wp-content\/uploads\/2020\/10\/BPRI-LOGO-FINAL.png\",\"contentUrl\":\"https:\/\/behavioralplasticity.org\/wp-content\/uploads\/2020\/10\/BPRI-LOGO-FINAL.png\",\"width\":2212,\"height\":1136,\"caption\":\"Behavioral Plasticity Research Institute\"},\"image\":{\"@id\":\"https:\/\/behavioralplasticity.org\/#\/schema\/logo\/image\/\"},\"sameAs\":[\"https:\/\/x.com\/NSF_BPRI\"]}]}<\/script>\n<!-- \/ Yoast SEO plugin. -->","yoast_head_json":{"title":"Publications - behavioralplasticity.org","robots":{"index":"index","follow":"follow","max-snippet":"max-snippet:-1","max-image-preview":"max-image-preview:large","max-video-preview":"max-video-preview:-1"},"canonical":"https:\/\/behavioralplasticity.org\/index.php\/publications\/","og_locale":"en_US","og_type":"article","og_title":"Publications - behavioralplasticity.org","og_description":"We are maintaining a Google Scholar page for BPRI products: https:\/\/scholar.google.com\/citations?hl=en&amp;user=WS_5y3gAAAAJ We are also maintaining a Zotero Group library for BPRI products. If you like to add your publication to the list. Please add using the following details.\u00a0\u00a0 Group Name: BPRI_products&nbsp;&nbsp; Link: https:\/\/www.zotero.org\/groups\/4883608\/bpri_products\/library&nbsp; If you like to become a member of this library, please send [&hellip;]","og_url":"https:\/\/behavioralplasticity.org\/index.php\/publications\/","og_site_name":"behavioralplasticity.org","article_modified_time":"2024-02-06T04:12:05+00:00","twitter_card":"summary_large_image","twitter_site":"@NSF_BPRI","twitter_misc":{"Est. reading time":"5 minutes"},"schema":{"@context":"https:\/\/schema.org","@graph":[{"@type":"WebPage","@id":"https:\/\/behavioralplasticity.org\/index.php\/publications\/","url":"https:\/\/behavioralplasticity.org\/index.php\/publications\/","name":"Publications - behavioralplasticity.org","isPartOf":{"@id":"https:\/\/behavioralplasticity.org\/#website"},"datePublished":"2023-03-01T02:48:31+00:00","dateModified":"2024-02-06T04:12:05+00:00","breadcrumb":{"@id":"https:\/\/behavioralplasticity.org\/index.php\/publications\/#breadcrumb"},"inLanguage":"en-US","potentialAction":[{"@type":"ReadAction","target":["https:\/\/behavioralplasticity.org\/index.php\/publications\/"]}]},{"@type":"BreadcrumbList","@id":"https:\/\/behavioralplasticity.org\/index.php\/publications\/#breadcrumb","itemListElement":[{"@type":"ListItem","position":1,"name":"Home","item":"https:\/\/behavioralplasticity.org\/"},{"@type":"ListItem","position":2,"name":"Publications"}]},{"@type":"WebSite","@id":"https:\/\/behavioralplasticity.org\/#website","url":"https:\/\/behavioralplasticity.org\/","name":"behavioralplasticity.org","description":"","publisher":{"@id":"https:\/\/behavioralplasticity.org\/#organization"},"potentialAction":[{"@type":"SearchAction","target":{"@type":"EntryPoint","urlTemplate":"https:\/\/behavioralplasticity.org\/?s={search_term_string}"},"query-input":{"@type":"PropertyValueSpecification","valueRequired":true,"valueName":"search_term_string"}}],"inLanguage":"en-US"},{"@type":"Organization","@id":"https:\/\/behavioralplasticity.org\/#organization","name":"Behavioral Plasticity Research Institute","url":"https:\/\/behavioralplasticity.org\/","logo":{"@type":"ImageObject","inLanguage":"en-US","@id":"https:\/\/behavioralplasticity.org\/#\/schema\/logo\/image\/","url":"https:\/\/behavioralplasticity.org\/wp-content\/uploads\/2020\/10\/BPRI-LOGO-FINAL.png","contentUrl":"https:\/\/behavioralplasticity.org\/wp-content\/uploads\/2020\/10\/BPRI-LOGO-FINAL.png","width":2212,"height":1136,"caption":"Behavioral Plasticity Research Institute"},"image":{"@id":"https:\/\/behavioralplasticity.org\/#\/schema\/logo\/image\/"},"sameAs":["https:\/\/x.com\/NSF_BPRI"]}]}},"_links":{"self":[{"href":"https:\/\/behavioralplasticity.org\/index.php\/wp-json\/wp\/v2\/pages\/661","targetHints":{"allow":["GET"]}}],"collection":[{"href":"https:\/\/behavioralplasticity.org\/index.php\/wp-json\/wp\/v2\/pages"}],"about":[{"href":"https:\/\/behavioralplasticity.org\/index.php\/wp-json\/wp\/v2\/types\/page"}],"author":[{"embeddable":true,"href":"https:\/\/behavioralplasticity.org\/index.php\/wp-json\/wp\/v2\/users\/2"}],"replies":[{"embeddable":true,"href":"https:\/\/behavioralplasticity.org\/index.php\/wp-json\/wp\/v2\/comments?post=661"}],"version-history":[{"count":4,"href":"https:\/\/behavioralplasticity.org\/index.php\/wp-json\/wp\/v2\/pages\/661\/revisions"}],"predecessor-version":[{"id":827,"href":"https:\/\/behavioralplasticity.org\/index.php\/wp-json\/wp\/v2\/pages\/661\/revisions\/827"}],"wp:attachment":[{"href":"https:\/\/behavioralplasticity.org\/index.php\/wp-json\/wp\/v2\/media?parent=661"}],"curies":[{"name":"wp","href":"https:\/\/api.w.org\/{rel}","templated":true}]}}